{"id":381,"date":"2024-09-26T13:24:33","date_gmt":"2024-09-26T11:24:33","guid":{"rendered":"https:\/\/vilaimenja.si\/?page_id=381"},"modified":"2025-03-17T20:24:44","modified_gmt":"2025-03-17T19:24:44","slug":"izjava-o-zasebnosti","status":"publish","type":"page","link":"https:\/\/vilaimenja.si\/en\/izjava-o-zasebnosti\/","title":{"rendered":"Privacy policy"},"content":{"rendered":"<div data-elementor-type=\"wp-page\" data-elementor-id=\"381\" class=\"elementor elementor-381\" data-elementor-post-type=\"page\">\n\t\t\t\t<div class=\"elementor-element elementor-element-82c41c8 e-flex e-con-boxed e-con e-parent\" data-id=\"82c41c8\" data-element_type=\"container\" data-e-type=\"container\" id=\"scrolltotop\">\n\t\t\t\t\t<div class=\"e-con-inner\">\n\t\t\t\t<div class=\"elementor-element elementor-element-df5ac0a elementor-widget elementor-widget-heading\" data-id=\"df5ac0a\" data-element_type=\"widget\" data-e-type=\"widget\" data-widget_type=\"heading.default\">\n\t\t\t\t<div class=\"elementor-widget-container\">\n\t\t\t\t\t<h1 class=\"elementor-heading-title elementor-size-default\">Politika zasebnosti<\/h1>\t\t\t\t<\/div>\n\t\t\t\t<\/div>\n\t\t\t\t<div class=\"elementor-element elementor-element-00d5459 elementor-widget elementor-widget-text-editor\" data-id=\"00d5459\" data-element_type=\"widget\" data-e-type=\"widget\" data-widget_type=\"text-editor.default\">\n\t\t\t\t<div class=\"elementor-widget-container\">\n\t\t\t\t\t\t\t\t\t<p><strong>Nazadnje posodobljeno 17. marca 2025<\/strong><br \/><strong>Datum za\u010detka veljavnosti 17. marca 2025<\/strong><\/p>\t\t\t\t\t\t\t\t<\/div>\n\t\t\t\t<\/div>\n\t\t\t\t\t<\/div>\n\t\t\t\t<\/div>\n\t\t<div class=\"elementor-element elementor-element-dd319d3 e-flex e-con-boxed e-con e-parent\" data-id=\"dd319d3\" data-element_type=\"container\" data-e-type=\"container\">\n\t\t\t\t\t<div class=\"e-con-inner\">\n\t\t\t\t<div class=\"elementor-element elementor-element-55931d9 elementor-widget elementor-widget-text-editor\" data-id=\"55931d9\" data-element_type=\"widget\" data-e-type=\"widget\" data-widget_type=\"text-editor.default\">\n\t\t\t\t<div class=\"elementor-widget-container\">\n\t\t\t\t\t\t\t\t\t<p>Ta pravilnik o zasebnosti opisuje politike Tatjana Fikfak s.p., \u0160martno 46, 5211 Kojsko, Slovenija, e-po\u0161ta: <a href=\"mailto:info@daks.si\">info@daks.si<\/a> (urejevalec spletne strani), telefon: +386 41 639 624 o zbiranju, uporabi in razkritju va\u0161ih podatkov, ki jih zbiramo, ko uporabljate na\u0161i spletni strani ( <a href=\"https:\/\/vilaimenja.si\/en\/\">https:\/\/vilaimenja.si<\/a> ). (\u00bbstoritev\u00ab). Z dostopom do storitve ali njeno uporabo sogla\u0161ate z zbiranjem, uporabo in razkritjem va\u0161ih podatkov v skladu s tem pravilnikom o zasebnosti. \u010ce se ne strinjate z istim, vas prosimo, da ne dostopate do storitve in je ne uporabljate.<br \/>Ta pravilnik o zasebnosti lahko kadar koli spremenimo brez predhodnega obvestila in bomo objavili spremenjen pravilnik o zasebnosti v storitvi. Spremenjeni pravilnik bo za\u010del veljati 180 dni od objave spremenjenega pravilnika v storitvi in \u200b\u200bva\u0161 nadaljnji dostop ali uporaba storitve po tem \u010dasu pomeni, da se strinjate s spremenjenim pravilnikom o zasebnosti. Zato priporo\u010damo, da ob\u010dasno pregledate to stran.<\/p>\t\t\t\t\t\t\t\t<\/div>\n\t\t\t\t<\/div>\n\t\t\t\t<div class=\"elementor-element elementor-element-2ed8cfc elementor-widget elementor-widget-text-editor\" data-id=\"2ed8cfc\" data-element_type=\"widget\" data-e-type=\"widget\" data-widget_type=\"text-editor.default\">\n\t\t\t\t<div class=\"elementor-widget-container\">\n\t\t\t\t\t\t\t\t\t<p><strong>Va\u0161e pravice:<\/strong><\/p>\t\t\t\t\t\t\t\t<\/div>\n\t\t\t\t<\/div>\n\t\t\t\t<div class=\"elementor-element elementor-element-21a1c0a elementor-widget elementor-widget-text-editor\" data-id=\"21a1c0a\" data-element_type=\"widget\" data-e-type=\"widget\" data-widget_type=\"text-editor.default\">\n\t\t\t\t<div class=\"elementor-widget-container\">\n\t\t\t\t\t\t\t\t\t<p>Odvisno od veljavne zakonodaje imate morda pravico do dostopa in popravka ali izbrisa va\u0161ih osebnih podatkov ali prejemanja kopije va\u0161ih osebnih podatkov, omejitve ali nasprotovanja aktivni obdelavi va\u0161ih podatkov, prosite, da delimo (prenesemo) va\u0161e osebne podatke. podatke drugemu subjektu, preklic kakr\u0161nega koli soglasja, ki ste nam ga dali za obdelavo va\u0161ih podatkov, pravico do vlo\u017eitve prito\u017ebe pri zakonskem organu in druge pravice, ki so lahko pomembne v skladu z veljavno zakonodajo. Za uveljavljanje teh pravic nam lahko pi\u0161ete na <a href=\"mailto:info@daks.si\">info@daks.si<\/a>. Na va\u0161o zahtevo bomo odgovorili v skladu z veljavno zakonodajo.<br \/>Upo\u0161tevajte, da \u010de nam ne dovolite zbiranja ali obdelave zahtevanih osebnih podatkov ali prekli\u010dete soglasje za obdelavo le-teh za zahtevane namene, morda ne boste mogli dostopati ali uporabljati storitev, za katere so bili va\u0161i podatki potrebni.<\/p>\t\t\t\t\t\t\t\t<\/div>\n\t\t\t\t<\/div>\n\t\t\t\t<div class=\"elementor-element elementor-element-03bea21 elementor-widget elementor-widget-text-editor\" data-id=\"03bea21\" data-element_type=\"widget\" data-e-type=\"widget\" data-widget_type=\"text-editor.default\">\n\t\t\t\t<div class=\"elementor-widget-container\">\n\t\t\t\t\t\t\t\t\t<p><strong>Pi\u0161kotki in drugo:<\/strong><\/p>\t\t\t\t\t\t\t\t<\/div>\n\t\t\t\t<\/div>\n\t\t\t\t<div class=\"elementor-element elementor-element-cc05832 elementor-widget elementor-widget-text-editor\" data-id=\"cc05832\" data-element_type=\"widget\" data-e-type=\"widget\" data-widget_type=\"text-editor.default\">\n\t\t\t\t<div class=\"elementor-widget-container\">\n\t\t\t\t\t\t\t\t\t<p>\u010ce \u017eelite izvedeti ve\u010d o tem, kako jih uporabljamo in o va\u0161ih izbirah v zvezi s temi tehnologijami sledenja, si oglejte na\u0161 <a href=\"https:\/\/vilaimenja.si\/en\/politika-piskotkov\/\">pravilnik o pi\u0161kotkih<\/a>.<\/p>\t\t\t\t\t\t\t\t<\/div>\n\t\t\t\t<\/div>\n\t\t\t\t<div class=\"elementor-element elementor-element-0363981 elementor-widget elementor-widget-text-editor\" data-id=\"0363981\" data-element_type=\"widget\" data-e-type=\"widget\" data-widget_type=\"text-editor.default\">\n\t\t\t\t<div class=\"elementor-widget-container\">\n\t\t\t\t\t\t\t\t\t<p><strong>Varnost:<\/strong><\/p>\t\t\t\t\t\t\t\t<\/div>\n\t\t\t\t<\/div>\n\t\t\t\t<div class=\"elementor-element elementor-element-9aeaed7 elementor-widget elementor-widget-text-editor\" data-id=\"9aeaed7\" data-element_type=\"widget\" data-e-type=\"widget\" data-widget_type=\"text-editor.default\">\n\t\t\t\t<div class=\"elementor-widget-container\">\n\t\t\t\t\t\t\t\t\t<p>Varnost va\u0161ih podatkov je za nas pomembna in uporabili bomo razumne varnostne ukrepe, da prepre\u010dimo izgubo, zlorabo ali nepoobla\u0161\u010deno spremembo va\u0161ih podatkov pod na\u0161im nadzorom. Vendar pa glede na inherentna tveganja ne moremo zagotoviti absolutne varnosti in posledi\u010dno ne moremo zagotoviti ali jam\u010diti za varnost vseh informacij, ki nam jih posredujete, in to po\u010dnete na lastno odgovornost.<\/p>\t\t\t\t\t\t\t\t<\/div>\n\t\t\t\t<\/div>\n\t\t\t\t<div class=\"elementor-element elementor-element-9c5c7d5 elementor-widget elementor-widget-text-editor\" data-id=\"9c5c7d5\" data-element_type=\"widget\" data-e-type=\"widget\" data-widget_type=\"text-editor.default\">\n\t\t\t\t<div class=\"elementor-widget-container\">\n\t\t\t\t\t\t\t\t\t<p><strong>Povezave tretjih oseb in uporaba va\u0161ih podatkov:<\/strong><\/p>\t\t\t\t\t\t\t\t<\/div>\n\t\t\t\t<\/div>\n\t\t\t\t<div class=\"elementor-element elementor-element-003cfcd elementor-widget elementor-widget-text-editor\" data-id=\"003cfcd\" data-element_type=\"widget\" data-e-type=\"widget\" data-widget_type=\"text-editor.default\">\n\t\t\t\t<div class=\"elementor-widget-container\">\n\t\t\t\t\t\t\t\t\t<p>Na\u0161a storitev lahko vsebuje povezave do drugih spletnih mest, ki jih ne upravljamo mi. Ta pravilnik o zasebnosti ne obravnava pravilnika o zasebnosti in drugih praks tretjih oseb, vklju\u010dno s katero koli tretjo osebo, ki upravlja katero koli spletno mesto ali storitev, ki je lahko dostopna prek povezave v storitvi. Mo\u010dno vam svetujemo, da pregledate politiko zasebnosti vsakega spletnega mesta, ki ga obi\u0161\u010dete. Nimamo nadzora in ne prevzemamo odgovornosti za vsebino, pravilnike o zasebnosti ali prakse katerih koli spletnih mest ali storitev tretjih oseb.<\/p>\t\t\t\t\t\t\t\t<\/div>\n\t\t\t\t<\/div>\n\t\t\t\t<div class=\"elementor-element elementor-element-1c98f0f elementor-widget elementor-widget-text-editor\" data-id=\"1c98f0f\" data-element_type=\"widget\" data-e-type=\"widget\" data-widget_type=\"text-editor.default\">\n\t\t\t\t<div class=\"elementor-widget-container\">\n\t\t\t\t\t\t\t\t\t<p><strong>Poobla\u0161\u010denec za prito\u017ebe \/ varstvo podatkov:<\/strong><\/p>\t\t\t\t\t\t\t\t<\/div>\n\t\t\t\t<\/div>\n\t\t\t\t<div class=\"elementor-element elementor-element-1c4d82d elementor-widget elementor-widget-text-editor\" data-id=\"1c4d82d\" data-element_type=\"widget\" data-e-type=\"widget\" data-widget_type=\"text-editor.default\">\n\t\t\t\t<div class=\"elementor-widget-container\">\n\t\t\t\t\t\t\t\t\t<p>\u010ce imate kakr\u0161na koli vpra\u0161anja ali pomisleke glede obdelave va\u0161ih podatkov, ki so na voljo pri nas, se lahko obrnete na na\u0161ega poobla\u0161\u010denca, urejevalca spletne strani, na e-po\u0161to: <a href=\"mailto:info@daks.si\">info@daks.si<\/a>. Va\u0161e pomisleke bomo odgovorno obravnavali v skladu z veljavno zakonodajo.<\/p>\t\t\t\t\t\t\t\t<\/div>\n\t\t\t\t<\/div>\n\t\t\t\t\t<\/div>\n\t\t\t\t<\/div>\n\t\t\t\t<\/div>","protected":false},"excerpt":{"rendered":"<p>Politika zasebnosti Nazadnje posodobljeno 17. marca 2025Datum za\u010detka veljavnosti 17. marca 2025 Ta pravilnik o zasebnosti opisuje politike Tatjana Fikfak s.p., \u0160martno 46, 5211 Kojsko, Slovenija, e-po\u0161ta: info@daks.si (urejevalec spletne strani), telefon: +386 41 639 624 o zbiranju, uporabi in razkritju va\u0161ih podatkov, ki jih zbiramo, ko uporabljate na\u0161i spletni strani ( https:\/\/vilaimenja.si ). (\u00bbstoritev\u00ab). [&hellip;]<\/p>\n","protected":false},"author":1,"featured_media":0,"parent":0,"menu_order":0,"comment_status":"closed","ping_status":"closed","template":"","meta":{"footnotes":""},"class_list":["post-381","page","type-page","status-publish","hentry"],"_links":{"self":[{"href":"https:\/\/vilaimenja.si\/en\/wp-json\/wp\/v2\/pages\/381","targetHints":{"allow":["GET"]}}],"collection":[{"href":"https:\/\/vilaimenja.si\/en\/wp-json\/wp\/v2\/pages"}],"about":[{"href":"https:\/\/vilaimenja.si\/en\/wp-json\/wp\/v2\/types\/page"}],"author":[{"embeddable":true,"href":"https:\/\/vilaimenja.si\/en\/wp-json\/wp\/v2\/users\/1"}],"replies":[{"embeddable":true,"href":"https:\/\/vilaimenja.si\/en\/wp-json\/wp\/v2\/comments?post=381"}],"version-history":[{"count":22,"href":"https:\/\/vilaimenja.si\/en\/wp-json\/wp\/v2\/pages\/381\/revisions"}],"predecessor-version":[{"id":1111,"href":"https:\/\/vilaimenja.si\/en\/wp-json\/wp\/v2\/pages\/381\/revisions\/1111"}],"wp:attachment":[{"href":"https:\/\/vilaimenja.si\/en\/wp-json\/wp\/v2\/media?parent=381"}],"curies":[{"name":"wp","href":"https:\/\/api.w.org\/{rel}","templated":true}]}}