{"id":398,"date":"2024-09-26T13:54:49","date_gmt":"2024-09-26T11:54:49","guid":{"rendered":"https:\/\/vilaimenja.si\/?page_id=398"},"modified":"2025-05-20T21:57:07","modified_gmt":"2025-05-20T19:57:07","slug":"politika-piskotkov","status":"publish","type":"page","link":"https:\/\/vilaimenja.si\/en\/politika-piskotkov\/","title":{"rendered":"About Cookies"},"content":{"rendered":"<div data-elementor-type=\"wp-page\" data-elementor-id=\"398\" class=\"elementor elementor-398\" data-elementor-post-type=\"page\">\n\t\t\t\t<div class=\"elementor-element elementor-element-c9aaaa2 e-flex e-con-boxed e-con e-parent\" data-id=\"c9aaaa2\" data-element_type=\"container\" data-e-type=\"container\" id=\"scrolltotop\">\n\t\t\t\t\t<div class=\"e-con-inner\">\n\t\t\t\t<div class=\"elementor-element elementor-element-dcefe02 elementor-widget elementor-widget-wp-widget-custom_html\" data-id=\"dcefe02\" data-element_type=\"widget\" data-e-type=\"widget\" data-widget_type=\"wp-widget-custom_html.default\">\n\t\t\t\t<div class=\"elementor-widget-container\">\n\t\t\t\t\t<div class=\"textwidget custom-html-widget\">\r\n    a.cky-banner-element {\r\n        padding: 8px 30px;\r\n        background: #F8F9FA;\r\n        color: #858A8F;\r\n        border: 1px solid #DEE2E6;\r\n        box-sizing: border-box;\r\n        border-radius: 2px;\r\n        cursor: pointer;\r\n}\r\n\r\n<h1 class=\"cookie-policy-h1\">Politika o pi\u0161kotkih<\/h1>\r\n<p><b>\r\n    Velja od: 17\/03\/2025 <br>\r\n    Nazadnje posodobljeno: 17\/03\/2025<\/b>\r\n<\/p>\r\n\r\n&nbsp;\r\n<h5>Kaj so pi\u0161kotki?<\/h5>\r\n<div class=\"cookie-policy-p\"><p>Ta pravilnik o pi\u0161kotkih pojasnjuje, kaj so pi\u0161kotki in kako jih uporabljamo, vrste pi\u0161kotkov, ki jih uporabljamo, tj. informacije, ki jih zbiramo s pi\u0161kotki, in kako se te informacije uporabljajo ter kako upravljati nastavitve pi\u0161kotkov.<\/p> <p>Pi\u0161kotki so majhne besedilne datoteke, ki se uporabljajo za shranjevanje majhnih informacij. Ko se spletno mesto nalo\u017ei v brskalnik, se shranijo v va\u0161i napravi. Ti pi\u0161kotki nam pomagajo, da spletna stran deluje pravilno, jo naredimo bolj varno, zagotovimo bolj\u0161o uporabni\u0161ko izku\u0161njo in razumemo, kako spletna stran deluje ter analiziramo, kaj deluje in kje je treba izbolj\u0161ati.<\/p><\/div>\r\n\r\n&nbsp;\r\n<h5>Kako pi\u0161kotke uporabljamo?<\/h5>\r\n<div class=\"cookie-policy-p\"><p>Kot ve\u010dina spletnih storitev tudi na\u0161e spletno mesto uporablja lastne pi\u0161kotke in pi\u0161kotke tretjih oseb za ve\u010d namenov. Lastni pi\u0161kotki so ve\u010dinoma potrebni za pravilno delovanje spletnega mesta in ne zbirajo nobenih va\u0161ih osebnih podatkov.<\/p> <p>Pi\u0161kotki tretjih oseb, ki se uporabljajo na na\u0161em spletnem mestu, so namenjeni predvsem razumevanju, kako delovanje spletnega mesta, na\u010din va\u0161e interakcije z na\u0161im spletnim mestom, ohranjanje varnosti na\u0161ih storitev, zagotavljanje oglasov, ki so pomembni za vas, in vse skupaj vam zagotavlja bolj\u0161o in izbolj\u0161ano uporabni\u0161ko izku\u0161njo ter pomaga pospe\u0161iti va\u0161e prihodnje interakcije z na\u0161im spletnim mestom<\/p><\/div>\r\n\r\n&nbsp;\r\n    <h5>Tipi pi\u0161kotkov, ki jih uporabljamo<\/h5>\r\n\r\n    <div class=\"cky-audit-table-element\"><\/div>\r\n\r\n&nbsp;\r\n    <h5 style=\"margin-bottom:20px\">Upravljajte s pi\u0161kotki<\/h5>\r\n\r\n    <a class=\"cky-banner-element\">Nastavitve pi\u0161kotkov<\/a> <br \/><br>\r\n\r\n    <div><p>Nastavitve pi\u0161kotkov lahko kadar koli spremenite s klikom na zgornji gumb. To vam bo omogo\u010dilo, da znova obi\u0161\u010dete pasico s soglasjem za pi\u0161kotke in spremenite svoje nastavitve ali takoj umaknete soglasje. <\/p> <p>Poleg tega razli\u010dni brskalniki ponujajo razli\u010dne metode za blokiranje in brisanje pi\u0161kotkov, ki jih uporabljajo spletna mesta. Nastavitve brskalnika lahko spremenite tako, da blokirate\/izbri\u0161ete pi\u0161kotke. Spodaj so navedene povezave do podpornih dokumentov o upravljanju in brisanju pi\u0161kotkov iz glavnih spletnih brskalnikov.<\/p> <p>Chrome: <a target=\"_blank\" href=\"https:\/\/support.google.com\/accounts\/answer\/32050\">https:\/\/support.google.com\/accounts\/answer\/32050<\/a><\/p><p>Safari: <a target=\"_blank\" href=\"https:\/\/support.apple.com\/en-in\/guide\/safari\/sfri11471\/mac\">https:\/\/support.apple.com\/en-in\/guide\/safari\/sfri11471\/mac<\/a><\/p><p>Firefox: <a target=\"_blank\" href=\"https:\/\/support.mozilla.org\/en-US\/kb\/clear-cookies-and-site-data-firefox?redirectslug=delete-cookies-remove-info-websites-stored&amp;redirectlocale=en-US\">https:\/\/support.mozilla.org\/en-US\/kb\/clear-cookies-and-site-data-firefox?redirectslug=delete-cookies-remove-info-websites-stored&amp;redirectlocale=en-US<\/a><\/p><p>Internet Explorer: <a target=\"_blank\" href=\"https:\/\/support.microsoft.com\/en-us\/topic\/how-to-delete-cookie-files-in-internet-explorer-bca9446f-d873-78de-77ba-d42645fa52fc\">https:\/\/support.microsoft.com\/en-us\/topic\/how-to-delete-cookie-files-in-internet-explorer-bca9446f-d873-78de-77ba-d42645fa52fc<\/a><\/p><p>\u010ce uporabljate kateri koli drug spletni brskalnik, obi\u0161\u010dite temu brskalniku pripadajo\u010do dokumentacijo za upravljanje s pi\u0161kotki.<\/p><\/div>\r\n<\/div>\t\t\t\t<\/div>\n\t\t\t\t<\/div>\n\t\t\t\t\t<\/div>\n\t\t\t\t<\/div>\n\t\t\t\t<\/div>","protected":false},"excerpt":{"rendered":"","protected":false},"author":1,"featured_media":0,"parent":0,"menu_order":0,"comment_status":"closed","ping_status":"closed","template":"","meta":{"footnotes":""},"class_list":["post-398","page","type-page","status-publish","hentry"],"_links":{"self":[{"href":"https:\/\/vilaimenja.si\/en\/wp-json\/wp\/v2\/pages\/398","targetHints":{"allow":["GET"]}}],"collection":[{"href":"https:\/\/vilaimenja.si\/en\/wp-json\/wp\/v2\/pages"}],"about":[{"href":"https:\/\/vilaimenja.si\/en\/wp-json\/wp\/v2\/types\/page"}],"author":[{"embeddable":true,"href":"https:\/\/vilaimenja.si\/en\/wp-json\/wp\/v2\/users\/1"}],"replies":[{"embeddable":true,"href":"https:\/\/vilaimenja.si\/en\/wp-json\/wp\/v2\/comments?post=398"}],"version-history":[{"count":19,"href":"https:\/\/vilaimenja.si\/en\/wp-json\/wp\/v2\/pages\/398\/revisions"}],"predecessor-version":[{"id":1366,"href":"https:\/\/vilaimenja.si\/en\/wp-json\/wp\/v2\/pages\/398\/revisions\/1366"}],"wp:attachment":[{"href":"https:\/\/vilaimenja.si\/en\/wp-json\/wp\/v2\/media?parent=398"}],"curies":[{"name":"wp","href":"https:\/\/api.w.org\/{rel}","templated":true}]}}